{"id":2,"date":"2020-11-15T23:05:01","date_gmt":"2020-11-15T23:05:01","guid":{"rendered":"http:\/\/religionoflight.org\/ns\/cartas-del-reino\/?page_id=2"},"modified":"2020-11-16T15:57:42","modified_gmt":"2020-11-16T15:57:42","slug":"acerca-de","status":"publish","type":"page","link":"https:\/\/religionoflight.org\/ns\/cartas-del-reino\/acerca-de\/","title":{"rendered":"Acerca De"},"content":{"rendered":"<p><span style=\"font-size: 18pt\"><strong><span style=\"font-family: georgia, palatino, serif\">Acerca de Este Sitio Web<\/span><\/strong><\/span><\/p>\n<p><span style=\"font-size: 18pt\"><span style=\"font-family: georgia, palatino, serif\">Cartas del Reino <\/span><span style=\"font-family: Georgia, serif\">consiste en revelaciones divinas de Yesh\u00faa (Jes\u00fas) el Mes\u00edas a Su siervo terrenal \u201cDavid\u201d y a otros, con algunos mensajes de los \u00e1ngeles. Cada Carta (mensaje) es para que todas la personas la lean, independientemente de su origen denominacional. Las Cartas son para animar, amonestar y recordar a cada uno de nosotros sobre nuestros deberes como creyentes en el Dios \u00danico Yahweh y en Su Hijo Yesh\u00faa y el gozo que tenemos en nuestro Mes\u00edas.<\/span><\/span><\/p>\n<p><span style=\"font-family: Georgia, serif;font-size: 18pt\">Se le anima a leer las Cartas con una mente abierta, pero tambi\u00e9n con su Biblia en la mano. Si bien el comit\u00e9 responsable de publicar las Cartas en l\u00ednea y de manera impresa (por un organismo no confesional) cree que nada en los mensajes es contrario a la Palabra de Dios, lo alentamos a comparar las Cartas con las Sagradas Escrituras para que pueda llegar a su propia conclusi\u00f3n.<\/span><\/p>\n<p><span style=\"font-family: Georgia, serif;font-size: 18pt\"><b>Algunas palabras adicionales<\/b><\/span><\/p>\n<p><span style=\"font-family: Georgia, serif;font-size: 18pt\">El comit\u00e9 afirma, como Yesh\u00faa ha dicho claramente en varias Cartas, el hecho de que la Biblia (Antiguo y Nuevo Testamento) es la Palabra inspirada de Dios; adem\u00e1s, afirmamos las verdades del antiguo Credo de los Ap\u00f3stoles y de la Didach\u00e9.<\/span><\/p>\n<p><span style=\"font-size: 18pt\">\u201c<span style=\"font-family: Georgia, serif\">Yahweh\u201d es el Nombre propio de Dios, de las letras Hebreas \u201cYHWH.\u201d Algunas traducciones de la Biblia usan \u201cSE\u00d1OR\u201d o \u201cJehov\u00e1.\u201d \u201cYesh\u00faa\u201d es la traducci\u00f3n original Aramea y Hebrea de \u201cJes\u00fas.\u201d En las Cartas, nuestro Se\u00f1or se refiere a S\u00ed mismo por Su nombre Arameo, en lugar de \u201cJes\u00fas.\u201d Yesh\u00faa es el nombre que los Ap\u00f3stoles y Sus otros disc\u00edpulos utilizaron durante Su ministerio terrenal. Fue m\u00e1s tarde, cuando se tradujo el Nuevo Testamento al Griego, que se le dio el nombre de \u201cJes\u00fas.\u201d<\/span><\/span><\/p>\n<p><span style=\"font-family: Georgia, serif;font-size: 18pt\">Cualquier error, como las erratas, que se encuentre en las Cartas se debe a un error t\u00e9cnico o humano al escribir los mensajes en tipograf\u00eda o en formato digital. Se utilizan varias traducciones de la Biblia. A menudo, cuando el Se\u00f1or da un mensaje, cita directamente del Antiguo y Nuevo Testamento en Arameo y de la Septuaginta Griega; por lo tanto, a menudo se requiere una traducci\u00f3n para el lector, especialmente para aquellos que no est\u00e1n familiarizados con los idiomas B\u00edblicos originales. Si hay un error en la traducci\u00f3n, se debe al traductor y se corregir\u00e1 cuando se detecte. Los comentarios y las notas no forman parte de las Cartas originales, sino que son notas de referencia o de estudio para el lector ofrecidas por el comit\u00e9.<\/span><\/p>\n<p><span style=\"font-family: Georgia, serif;font-size: 18pt\">Con respecto a las redes sociales: No utilizamos Facebook ni Twitter. La \u00fanica red social que utilizamos se menciona debajo de este p\u00e1rrafo. No dude en compartir los mensajes, pero por favor no cambie la redacci\u00f3n. Al compartir, proporcione un enlace a la p\u00e1gina de donde se copi\u00f3. Gracias.<\/span><\/p>\n<p><span style=\"font-family: Georgia, serif;font-size: 18pt\"><span style=\"text-decoration: underline\"><a href=\"https:\/\/mewe.com\/join\/kingdomletters\" target=\"_blank\" rel=\"noopener noreferrer\">\u00danase a la conversaci\u00f3n sobre las Cartas del Reino en MeWe<\/a><\/span>.*<\/span><\/p>\n<p><em><span style=\"font-family: georgia, palatino, serif;font-size: 18pt\">* (Este grupo de discusi\u00f3n est\u00e1 en Ingl\u00e9s, pero algunos miembros del grupo saben Espa\u00f1ol y pueden ayudarle a profundizar su entendimiento de las Cartas del Reino de Yesh\u00faa el Mes\u00edas)<\/span><\/em><\/p>\n","protected":false},"excerpt":{"rendered":"<p>Acerca de Este Sitio Web Cartas del Reino consiste en revelaciones divinas de Yesh\u00faa (Jes\u00fas) el Mes\u00edas a Su siervo terrenal \u201cDavid\u201d y a otros, con algunos mensajes de los \u00e1ngeles. Cada Carta (mensaje) es para que todas la personas &hellip; <a href=\"https:\/\/religionoflight.org\/ns\/cartas-del-reino\/acerca-de\/\">Sigue leyendo <span class=\"meta-nav\">&rarr;<\/span><\/a><\/p>\n","protected":false},"author":3,"featured_media":0,"parent":0,"menu_order":1,"comment_status":"closed","ping_status":"open","template":"","meta":{"footnotes":""},"class_list":["post-2","page","type-page","status-publish","hentry"],"_links":{"self":[{"href":"https:\/\/religionoflight.org\/ns\/cartas-del-reino\/wp-json\/wp\/v2\/pages\/2","targetHints":{"allow":["GET"]}}],"collection":[{"href":"https:\/\/religionoflight.org\/ns\/cartas-del-reino\/wp-json\/wp\/v2\/pages"}],"about":[{"href":"https:\/\/religionoflight.org\/ns\/cartas-del-reino\/wp-json\/wp\/v2\/types\/page"}],"author":[{"embeddable":true,"href":"https:\/\/religionoflight.org\/ns\/cartas-del-reino\/wp-json\/wp\/v2\/users\/3"}],"replies":[{"embeddable":true,"href":"https:\/\/religionoflight.org\/ns\/cartas-del-reino\/wp-json\/wp\/v2\/comments?post=2"}],"version-history":[{"count":7,"href":"https:\/\/religionoflight.org\/ns\/cartas-del-reino\/wp-json\/wp\/v2\/pages\/2\/revisions"}],"predecessor-version":[{"id":38,"href":"https:\/\/religionoflight.org\/ns\/cartas-del-reino\/wp-json\/wp\/v2\/pages\/2\/revisions\/38"}],"wp:attachment":[{"href":"https:\/\/religionoflight.org\/ns\/cartas-del-reino\/wp-json\/wp\/v2\/media?parent=2"}],"curies":[{"name":"wp","href":"https:\/\/api.w.org\/{rel}","templated":true}]}}