{"id":17,"date":"2020-11-16T02:31:34","date_gmt":"2020-11-16T02:31:34","guid":{"rendered":"http:\/\/religionoflight.org\/ns\/cartas-del-reino\/?page_id=17"},"modified":"2020-11-16T22:42:38","modified_gmt":"2020-11-16T22:42:38","slug":"preguntas-de-estudio","status":"publish","type":"page","link":"https:\/\/religionoflight.org\/ns\/cartas-del-reino\/preguntas-de-estudio\/","title":{"rendered":"Preguntas de Estudio"},"content":{"rendered":"<p><span style=\"font-family: georgia, palatino, serif;font-size: 18pt\">De esta p\u00e1gina puede bajarse Preguntas de Estudio para las Cartas del Reino. La naturaleza de las preguntas las hace adecuadas tanto para adultos como para la mayor\u00eda de los estudiantes j\u00f3venes.<\/span><\/p>\n<ul>\n<li><span style=\"font-family: georgia, palatino, serif;font-size: 18pt\"><a href=\"http:\/\/religionoflight.org\/ns\/cartas-del-reino\/wp-content\/uploads\/sites\/20\/2020\/11\/Preguntas-de-Estudio-para-el-Capitulo-1-11-de-Diciembre-2018-es-es.pdf\" target=\"_blank\" rel=\"noopener noreferrer\">Preguntas para el Cap\u00edtulo 1<\/a> (PDF)<\/span><\/li>\n<li><span style=\"font-family: georgia, palatino, serif;font-size: 18pt\"><a href=\"http:\/\/religionoflight.org\/ns\/cartas-del-reino\/wp-content\/uploads\/sites\/20\/2020\/11\/Preguntas-de-Estudio-para-el-Capitulo-2-11-de-Diciembre-2018-2-es-es.pdf\" target=\"_blank\" rel=\"noopener noreferrer\">Preguntas para el Cap\u00edtulo 2<\/a> (PDF)<\/span><\/li>\n<li><span style=\"font-family: georgia, palatino, serif;font-size: 18pt\"><a href=\"http:\/\/religionoflight.org\/ns\/cartas-del-reino\/wp-content\/uploads\/sites\/20\/2020\/11\/Preguntas-de-Estudio-para-el-Capitulo-3-10-de-Julio-2019-es-es.pdf\" target=\"_blank\" rel=\"noopener noreferrer\">Preguntas para el Cap\u00edtulo 3<\/a> (PDF)<\/span><\/li>\n<li><span style=\"font-family: georgia, palatino, serif;font-size: 18pt\"><a href=\"http:\/\/religionoflight.org\/ns\/cartas-del-reino\/wp-content\/uploads\/sites\/20\/2020\/11\/Preguntas-de-Estudio-para-el-Capitulo-4-11-de-Julio-2019-es-es.pdf\" target=\"_blank\" rel=\"noopener noreferrer\">Preguntas para el Cap\u00edtulo 4<\/a> (PDF)<\/span><\/li>\n<li><span style=\"font-family: georgia, palatino, serif;font-size: 18pt\"><a href=\"http:\/\/religionoflight.org\/ns\/cartas-del-reino\/wp-content\/uploads\/sites\/20\/2020\/11\/Preguntas-de-Estudio-para-el-Capitulo-5-18-de-Diciembre-2019-es-es.pdf\" target=\"_blank\" rel=\"noopener noreferrer\">Preguntas para el Cap\u00edtulo 5<\/a> (PDF)<\/span><\/li>\n<\/ul>\n","protected":false},"excerpt":{"rendered":"<p>De esta p\u00e1gina puede bajarse Preguntas de Estudio para las Cartas del Reino. La naturaleza de las preguntas las hace adecuadas tanto para adultos como para la mayor\u00eda de los estudiantes j\u00f3venes. Preguntas para el Cap\u00edtulo 1 (PDF) Preguntas para &hellip; <a href=\"https:\/\/religionoflight.org\/ns\/cartas-del-reino\/preguntas-de-estudio\/\">Sigue leyendo <span class=\"meta-nav\">&rarr;<\/span><\/a><\/p>\n","protected":false},"author":3,"featured_media":0,"parent":0,"menu_order":5,"comment_status":"closed","ping_status":"closed","template":"","meta":{"footnotes":""},"class_list":["post-17","page","type-page","status-publish","hentry"],"_links":{"self":[{"href":"https:\/\/religionoflight.org\/ns\/cartas-del-reino\/wp-json\/wp\/v2\/pages\/17","targetHints":{"allow":["GET"]}}],"collection":[{"href":"https:\/\/religionoflight.org\/ns\/cartas-del-reino\/wp-json\/wp\/v2\/pages"}],"about":[{"href":"https:\/\/religionoflight.org\/ns\/cartas-del-reino\/wp-json\/wp\/v2\/types\/page"}],"author":[{"embeddable":true,"href":"https:\/\/religionoflight.org\/ns\/cartas-del-reino\/wp-json\/wp\/v2\/users\/3"}],"replies":[{"embeddable":true,"href":"https:\/\/religionoflight.org\/ns\/cartas-del-reino\/wp-json\/wp\/v2\/comments?post=17"}],"version-history":[{"count":4,"href":"https:\/\/religionoflight.org\/ns\/cartas-del-reino\/wp-json\/wp\/v2\/pages\/17\/revisions"}],"predecessor-version":[{"id":111,"href":"https:\/\/religionoflight.org\/ns\/cartas-del-reino\/wp-json\/wp\/v2\/pages\/17\/revisions\/111"}],"wp:attachment":[{"href":"https:\/\/religionoflight.org\/ns\/cartas-del-reino\/wp-json\/wp\/v2\/media?parent=17"}],"curies":[{"name":"wp","href":"https:\/\/api.w.org\/{rel}","templated":true}]}}