{"id":13,"date":"2020-11-16T02:29:54","date_gmt":"2020-11-16T02:29:54","guid":{"rendered":"http:\/\/religionoflight.org\/ns\/cartas-del-reino\/?page_id=13"},"modified":"2020-11-16T20:57:15","modified_gmt":"2020-11-16T20:57:15","slug":"temas","status":"publish","type":"page","link":"https:\/\/religionoflight.org\/ns\/cartas-del-reino\/temas\/","title":{"rendered":"Temas"},"content":{"rendered":"<p><span style=\"font-family: georgia, palatino, serif;font-size: 18pt;color: #000000\">Esta p\u00e1gina est\u00e1 bajo construcci\u00f3n.<\/span><\/p>\n<p><span style=\"color: #000000;font-size: 20pt\"><strong><span style=\"font-family: georgia, palatino, serif\">\u00cdndice de Temas Mencionados en las Cartas del Reino<\/span><\/strong><\/span><\/p>\n<p><span style=\"color: #000000\"><strong><span style=\"font-family: georgia, palatino, serif;font-size: 18pt\">Aborto<\/span><\/strong><\/span><\/p>\n<p><span style=\"color: #000000;font-family: georgia, palatino, serif;font-size: 18pt\">CdR 11:23; CdR 14:8; CdR 15:17; CdR 19:6,10-13; v\u00e9ase tambi\u00e9n D 2:2<\/span><\/p>\n<p><span style=\"font-family: georgia, palatino, serif;font-size: 18pt;color: #000000\"><strong>Adulterio<\/strong><\/span><br \/>\n<span style=\"font-family: georgia, palatino, serif;font-size: 18pt;color: #000000\">CdR 11:24-25, 34; v\u00e9ase tambi\u00e9n D 2:2; 5:1<\/span><\/p>\n<p><span style=\"font-family: georgia, palatino, serif;font-size: 18pt;color: #000000\"><strong>Altar(es)<\/strong><\/span><br \/>\n<span style=\"font-family: georgia, palatino, serif;font-size: 18pt;color: #000000\">CdR 2:11<\/span><\/p>\n<p><span style=\"font-family: georgia, palatino, serif;font-size: 18pt;color: #000000\"><strong>\u00c1ngel(es)<\/strong> (Arc\u00e1ngeles)<\/span><br \/>\n<span style=\"font-family: georgia, palatino, serif;font-size: 18pt;color: #000000\">CdR 1:1; CdR 3:1,10; CdR 4:1,7,12; CdR 11:1-2,5; CdR 13:9; CdR 14:27; CdR 18:4,12; CdR 19:4,23; CdR 20:4<\/span><\/p>\n<p><span style=\"font-family: georgia, palatino, serif;font-size: 18pt;color: #000000\"><strong>Ap\u00f3crifos<\/strong> (Deuterocan\u00f3nicos)<\/span><br \/>\n<span style=\"font-family: georgia, palatino, serif;font-size: 18pt;color: #000000\">CdR 5:9<\/span><\/p>\n<p><span style=\"font-family: georgia, palatino, serif;font-size: 18pt;color: #000000\"><strong>Ap\u00f3stol(es)<\/strong> (v\u00e9ase tambi\u00e9n <em>Credo de los Ap\u00f3stoles<\/em>,\u00a0<em>Didach\u00e9<\/em>)<\/span><br \/>\n<span style=\"font-family: georgia, palatino, serif;font-size: 18pt;color: #000000\">CdR 18:12; CdR 20:18; v\u00e9ase tambi\u00e9n D 11:4-7; D 13:1<\/span><\/p>\n<p><span style=\"font-family: georgia, palatino, serif;font-size: 18pt;color: #000000\"><strong>Astrolog\u00eda<\/strong> (astr\u00f3logo, magia, hechicer\u00eda, brujer\u00eda)<\/span><br \/>\n<span style=\"font-family: georgia, palatino, serif;font-size: 18pt;color: #000000\">D 2:2; D 3:6; D 5:1<\/span><\/p>\n<p><span style=\"font-family: georgia, palatino, serif;font-size: 18pt;color: #000000\"><strong>Credo de los Ap\u00f3stoles<\/strong><\/span><br \/>\n<span style=\"font-family: georgia, palatino, serif;font-size: 18pt;color: #000000\">CdR 5:9,13; CdR 20:18<\/span><\/p>\n<p><span style=\"font-family: georgia, palatino, serif;font-size: 18pt;color: #000000\"><strong>Didach\u00e9<\/strong><\/span><br \/>\n<span style=\"font-family: georgia, palatino, serif;font-size: 18pt;color: #000000\">CdR 5:13 (\u201cense\u00f1anzas a trav\u00e9s de Mis Ap\u00f3stoles\u201d)<\/span><\/p>\n<p><span style=\"font-family: georgia, palatino, serif;font-size: 18pt;color: #000000\"><b>Enfado <\/b>(ira, repugnancia)<\/span><br \/>\n<span style=\"font-family: georgia, palatino, serif;font-size: 18pt;color: #000000\">CdR 16:9; 17:12; CdR 20:8; v\u00e9ase tambi\u00e9n D 3:2; D 15:2<\/span><\/p>\n<p><span style=\"font-family: georgia, palatino, serif;font-size: 18pt;color: #000000\"><strong>Enmienda(s)<\/strong><\/span><br \/>\n<span style=\"font-family: georgia, palatino, serif;font-size: 18pt;color: #000000\">CdR 11:33,38<\/span><\/p>\n<p><span style=\"color: #000000;font-family: georgia, palatino, serif\"><span style=\"font-size: 24px\"><b>Limosna<\/b><\/span><\/span><br \/>\n<span style=\"font-family: georgia, palatino, serif;font-size: 18pt;color: #000000\">D 1:6; D 15:4<\/span><\/p>\n<hr \/>\n<h2><span style=\"font-family: georgia, palatino, serif;font-size: 18pt;color: #000000\">Lista de Abreviaciones Utilizadas<\/span><\/h2>\n<p><span style=\"font-family: georgia, palatino, serif;font-size: 18pt;color: #000000\">D \u2013 Didach\u00e9<\/span><br \/>\n<span style=\"font-family: georgia, palatino, serif;font-size: 18pt;color: #000000\">CdR \u2013 Cartas del Reino<\/span><\/p>\n","protected":false},"excerpt":{"rendered":"<p>Esta p\u00e1gina est\u00e1 bajo construcci\u00f3n. \u00cdndice de Temas Mencionados en las Cartas del Reino Aborto CdR 11:23; CdR 14:8; CdR 15:17; CdR 19:6,10-13; v\u00e9ase tambi\u00e9n D 2:2 Adulterio CdR 11:24-25, 34; v\u00e9ase tambi\u00e9n D 2:2; 5:1 Altar(es) CdR 2:11 \u00c1ngel(es) &hellip; <a href=\"https:\/\/religionoflight.org\/ns\/cartas-del-reino\/temas\/\">Sigue leyendo <span class=\"meta-nav\">&rarr;<\/span><\/a><\/p>\n","protected":false},"author":3,"featured_media":0,"parent":0,"menu_order":3,"comment_status":"closed","ping_status":"closed","template":"","meta":{"footnotes":""},"class_list":["post-13","page","type-page","status-publish","hentry"],"_links":{"self":[{"href":"https:\/\/religionoflight.org\/ns\/cartas-del-reino\/wp-json\/wp\/v2\/pages\/13","targetHints":{"allow":["GET"]}}],"collection":[{"href":"https:\/\/religionoflight.org\/ns\/cartas-del-reino\/wp-json\/wp\/v2\/pages"}],"about":[{"href":"https:\/\/religionoflight.org\/ns\/cartas-del-reino\/wp-json\/wp\/v2\/types\/page"}],"author":[{"embeddable":true,"href":"https:\/\/religionoflight.org\/ns\/cartas-del-reino\/wp-json\/wp\/v2\/users\/3"}],"replies":[{"embeddable":true,"href":"https:\/\/religionoflight.org\/ns\/cartas-del-reino\/wp-json\/wp\/v2\/comments?post=13"}],"version-history":[{"count":5,"href":"https:\/\/religionoflight.org\/ns\/cartas-del-reino\/wp-json\/wp\/v2\/pages\/13\/revisions"}],"predecessor-version":[{"id":92,"href":"https:\/\/religionoflight.org\/ns\/cartas-del-reino\/wp-json\/wp\/v2\/pages\/13\/revisions\/92"}],"wp:attachment":[{"href":"https:\/\/religionoflight.org\/ns\/cartas-del-reino\/wp-json\/wp\/v2\/media?parent=13"}],"curies":[{"name":"wp","href":"https:\/\/api.w.org\/{rel}","templated":true}]}}