{"id":11,"date":"2020-11-16T02:28:58","date_gmt":"2020-11-16T02:28:58","guid":{"rendered":"http:\/\/religionoflight.org\/ns\/cartas-del-reino\/?page_id=11"},"modified":"2021-02-01T21:26:11","modified_gmt":"2021-02-01T21:26:11","slug":"capitulos","status":"publish","type":"page","link":"https:\/\/religionoflight.org\/ns\/cartas-del-reino\/capitulos\/","title":{"rendered":"Cap\u00edtulos"},"content":{"rendered":"<p><strong><span style=\"font-family: georgia, palatino, serif;font-size: 18pt\">\u00cdndice de las Cartas Actuales<\/span><\/strong><\/p>\n<p><span style=\"font-family: georgia, palatino, serif;font-size: 18pt\">Se hace referencia a cada Carta como un cap\u00edtulo para facilitar la referencia a medida que la colecci\u00f3n de Cartas sigue creciendo.<\/span><\/p>\n<ul>\n<li><a href=\"http:\/\/religionoflight.org\/ns\/cartas-del-reino\/2020\/11\/15\/capitulo-1-11-diciembre-2018\/\"><span style=\"font-family: georgia, palatino, serif;font-size: 18pt\">Cap\u00edtulo 1<\/span><\/a><\/li>\n<li><a href=\"http:\/\/religionoflight.org\/ns\/cartas-del-reino\/2020\/11\/16\/capitulo-2-11-de-diciembre-2018-2\/\"><span style=\"font-family: georgia, palatino, serif;font-size: 18pt\">Cap\u00edtulo 2<\/span><\/a><\/li>\n<li><a href=\"http:\/\/religionoflight.org\/ns\/cartas-del-reino\/2020\/11\/16\/capitulo-3-10-de-julio-2019\/\"><span style=\"font-family: georgia, palatino, serif;font-size: 18pt\">Cap\u00edtulo 3<\/span><\/a><\/li>\n<li><a href=\"http:\/\/religionoflight.org\/ns\/cartas-del-reino\/2020\/11\/16\/capitulo-4-11-de-julio-2019\/\"><span style=\"font-family: georgia, palatino, serif;font-size: 18pt\">Cap\u00edtulo 4<\/span><\/a><\/li>\n<li><a href=\"http:\/\/religionoflight.org\/ns\/cartas-del-reino\/2020\/11\/16\/capitulo-5-18-de-diciembre-2019\/\"><span style=\"font-family: georgia, palatino, serif;font-size: 18pt\">Cap\u00edtulo 5<\/span><\/a><\/li>\n<li><a href=\"http:\/\/religionoflight.org\/ns\/cartas-del-reino\/2020\/11\/16\/capitulo-6-13-de-septiembre-2020\/\"><span style=\"font-family: georgia, palatino, serif;font-size: 18pt\">Cap\u00edtulo 6<\/span><\/a><\/li>\n<li><a href=\"http:\/\/religionoflight.org\/ns\/cartas-del-reino\/2020\/11\/16\/capitulo-7-15-de-septiembre-2020\/\"><span style=\"font-family: georgia, palatino, serif;font-size: 18pt\">Cap\u00edtulo 7<\/span><\/a><\/li>\n<li><a href=\"http:\/\/religionoflight.org\/ns\/cartas-del-reino\/2020\/11\/16\/capitulo-8-16-de-septiembre-2020\/\"><span style=\"font-family: georgia, palatino, serif;font-size: 18pt\">Cap\u00edtulo 8<\/span><\/a><\/li>\n<li><a href=\"http:\/\/religionoflight.org\/ns\/cartas-del-reino\/2020\/11\/16\/capitulo-9-30-de-septiembre-2020\/\"><span style=\"font-family: georgia, palatino, serif;font-size: 18pt\">Cap\u00edtulo 9<\/span><\/a><\/li>\n<li><a href=\"http:\/\/religionoflight.org\/ns\/cartas-del-reino\/2020\/11\/16\/capitulo-10-4-de-octubre-2020\/\"><span style=\"font-family: georgia, palatino, serif;font-size: 18pt\">Cap\u00edtulo 10<\/span><\/a><\/li>\n<li><a href=\"http:\/\/religionoflight.org\/ns\/cartas-del-reino\/2020\/11\/16\/capitulo-11-7-de-octubre-2020\/\"><span style=\"font-family: georgia, palatino, serif;font-size: 18pt\">Cap\u00edtulo 11<\/span><\/a><\/li>\n<li><a href=\"http:\/\/religionoflight.org\/ns\/cartas-del-reino\/2020\/11\/16\/capitulo-12-14-de-octubre-2020\/\"><span style=\"font-family: georgia, palatino, serif;font-size: 18pt\">Cap\u00edtulo 12<\/span><\/a><\/li>\n<li><a href=\"http:\/\/religionoflight.org\/ns\/cartas-del-reino\/2020\/11\/16\/capitulo-13-21-de-octubre-2020\/\"><span style=\"font-family: georgia, palatino, serif;font-size: 18pt\">Cap\u00edtulo 13<\/span><\/a><\/li>\n<li><a href=\"http:\/\/religionoflight.org\/ns\/cartas-del-reino\/2020\/11\/16\/capitulo-14-28-de-octubre-2020\/\"><span style=\"font-family: georgia, palatino, serif;font-size: 18pt\">Cap\u00edtulo 14<\/span><\/a><\/li>\n<li><a href=\"http:\/\/religionoflight.org\/ns\/cartas-del-reino\/2020\/11\/16\/capitulo-15-4-de-noviembre-2020\/\"><span style=\"font-family: georgia, palatino, serif;font-size: 18pt\">Cap\u00edtulo 15<\/span><\/a><\/li>\n<li><a href=\"http:\/\/religionoflight.org\/ns\/cartas-del-reino\/2020\/11\/16\/capitulo-16-8-de-noviembre-2020\/\"><span style=\"font-family: georgia, palatino, serif;font-size: 18pt\">Cap\u00edtulo 16<\/span><\/a><\/li>\n<li><a href=\"http:\/\/religionoflight.org\/ns\/cartas-del-reino\/2020\/11\/16\/capitulo-17-9-de-noviembre-2020\/\"><span style=\"font-family: georgia, palatino, serif;font-size: 18pt\">Cap\u00edtulo 17<\/span><\/a><\/li>\n<li><a href=\"http:\/\/religionoflight.org\/ns\/cartas-del-reino\/2020\/11\/16\/capitulo-18-10-de-noviembre-2020\/\"><span style=\"font-family: georgia, palatino, serif;font-size: 18pt\">Cap\u00edtulo 18<\/span><\/a><\/li>\n<li><a href=\"http:\/\/religionoflight.org\/ns\/cartas-del-reino\/2020\/11\/16\/capitulo-19-13-de-noviembre-2020\/\"><span style=\"font-family: georgia, palatino, serif;font-size: 18pt\">Cap\u00edtulo 19<\/span><\/a><\/li>\n<li><a href=\"http:\/\/religionoflight.org\/ns\/cartas-del-reino\/2020\/11\/16\/capitulo-20-15-de-noviembre-2020\/\"><span style=\"font-family: georgia, palatino, serif;font-size: 18pt\">Cap\u00edtulo 20<\/span><\/a><\/li>\n<li><a href=\"http:\/\/religionoflight.org\/ns\/cartas-del-reino\/2020\/11\/16\/capitulo-21-16-de-noviembre-2020\/\"><span style=\"font-family: georgia, palatino, serif;font-size: 18pt\">Cap\u00edtulo 21<\/span><\/a><\/li>\n<li><a href=\"http:\/\/religionoflight.org\/ns\/cartas-del-reino\/2020\/11\/18\/capitulo-22-17-de-noviembre-2020\/\"><span style=\"font-family: georgia, palatino, serif;font-size: 18pt\">Cap\u00edtulo 22<\/span><\/a><\/li>\n<li><a href=\"http:\/\/religionoflight.org\/ns\/cartas-del-reino\/2020\/11\/18\/capitulo-23-18-de-noviembre-2020\/\"><span style=\"font-family: georgia, palatino, serif;font-size: 18pt\">Cap\u00edtulo 23<\/span><\/a><\/li>\n<li><a href=\"http:\/\/religionoflight.org\/ns\/cartas-del-reino\/2020\/11\/18\/capitulo-24-19-de-noviembre-2020\/\"><span style=\"font-family: georgia, palatino, serif;font-size: 18pt\">Cap\u00edtulo 24<\/span><\/a><\/li>\n<li><a href=\"http:\/\/religionoflight.org\/ns\/cartas-del-reino\/2020\/11\/21\/capitulo-25-20-de-noviembre-2020\/\"><span style=\"font-size: 18pt;font-family: georgia, palatino, serif\">Cap\u00edtulo 25<\/span><\/a><\/li>\n<li><a href=\"http:\/\/religionoflight.org\/ns\/cartas-del-reino\/2020\/11\/21\/capitulo-26-21-de-noviembre-2020\/\"><span style=\"font-family: georgia, palatino;font-size: 18pt\">Cap\u00edtulo 26<\/span><\/a><\/li>\n<li><a href=\"http:\/\/religionoflight.org\/ns\/cartas-del-reino\/2020\/11\/30\/capitulo-27-30-de-noviembre-2020\/\"><span style=\"font-family: georgia, palatino;font-size: 18pt\">Cap\u00edtulo 27<\/span><\/a><\/li>\n<li><a href=\"http:\/\/religionoflight.org\/ns\/cartas-del-reino\/2020\/12\/06\/capitulo-28-3-de-diciembre-2020\/\"><span style=\"font-family: georgia, palatino;font-size: 18pt\">Cap\u00edtulo 28<\/span><\/a><\/li>\n<li><a href=\"http:\/\/religionoflight.org\/ns\/cartas-del-reino\/2021\/02\/01\/capitulo-29-31-de-enero-2021\/\"><span style=\"font-family: georgia, palatino;font-size: 18pt\">Cap\u00edtulo 29<\/span><\/a><\/li>\n<\/ul>\n","protected":false},"excerpt":{"rendered":"<p>\u00cdndice de las Cartas Actuales Se hace referencia a cada Carta como un cap\u00edtulo para facilitar la referencia a medida que la colecci\u00f3n de Cartas sigue creciendo. Cap\u00edtulo 1 Cap\u00edtulo 2 Cap\u00edtulo 3 Cap\u00edtulo 4 Cap\u00edtulo 5 Cap\u00edtulo 6 Cap\u00edtulo &hellip; <a href=\"https:\/\/religionoflight.org\/ns\/cartas-del-reino\/capitulos\/\">Sigue leyendo <span class=\"meta-nav\">&rarr;<\/span><\/a><\/p>\n","protected":false},"author":3,"featured_media":0,"parent":0,"menu_order":2,"comment_status":"closed","ping_status":"closed","template":"","meta":{"footnotes":""},"class_list":["post-11","page","type-page","status-publish","hentry"],"_links":{"self":[{"href":"https:\/\/religionoflight.org\/ns\/cartas-del-reino\/wp-json\/wp\/v2\/pages\/11","targetHints":{"allow":["GET"]}}],"collection":[{"href":"https:\/\/religionoflight.org\/ns\/cartas-del-reino\/wp-json\/wp\/v2\/pages"}],"about":[{"href":"https:\/\/religionoflight.org\/ns\/cartas-del-reino\/wp-json\/wp\/v2\/types\/page"}],"author":[{"embeddable":true,"href":"https:\/\/religionoflight.org\/ns\/cartas-del-reino\/wp-json\/wp\/v2\/users\/3"}],"replies":[{"embeddable":true,"href":"https:\/\/religionoflight.org\/ns\/cartas-del-reino\/wp-json\/wp\/v2\/comments?post=11"}],"version-history":[{"count":12,"href":"https:\/\/religionoflight.org\/ns\/cartas-del-reino\/wp-json\/wp\/v2\/pages\/11\/revisions"}],"predecessor-version":[{"id":146,"href":"https:\/\/religionoflight.org\/ns\/cartas-del-reino\/wp-json\/wp\/v2\/pages\/11\/revisions\/146"}],"wp:attachment":[{"href":"https:\/\/religionoflight.org\/ns\/cartas-del-reino\/wp-json\/wp\/v2\/media?parent=11"}],"curies":[{"name":"wp","href":"https:\/\/api.w.org\/{rel}","templated":true}]}}